{"id":3511,"date":"2023-04-20T09:41:30","date_gmt":"2023-04-20T07:41:30","guid":{"rendered":"https:\/\/www.opfastigheter.se\/privacy-policy\/"},"modified":"2023-06-27T14:38:42","modified_gmt":"2023-06-27T14:38:42","slug":"privacy-policy","status":"publish","type":"page","link":"https:\/\/www.opfastigheter.se\/en\/privacy-policy\/","title":{"rendered":"Privacy Policy"},"content":{"rendered":"\t\t<div data-elementor-type=\"wp-page\" data-elementor-id=\"3511\" class=\"elementor elementor-3511 elementor-2968\" data-elementor-settings=\"{&quot;ha_cmc_init_switcher&quot;:&quot;no&quot;}\" data-elementor-post-type=\"page\">\n\t\t\t\t\t\t<section class=\"elementor-section elementor-top-section elementor-element elementor-element-5a9d520 elementor-section-height-min-height elementor-section-boxed elementor-section-height-default elementor-section-items-middle\" data-id=\"5a9d520\" data-element_type=\"section\" data-e-type=\"section\" data-settings=\"{&quot;background_background&quot;:&quot;classic&quot;,&quot;_ha_eqh_enable&quot;:false}\">\n\t\t\t\t\t\t\t<div class=\"elementor-background-overlay\"><\/div>\n\t\t\t\t\t\t\t<div class=\"elementor-container elementor-column-gap-wider\">\n\t\t\t\t\t<div class=\"elementor-column elementor-col-100 elementor-top-column elementor-element elementor-element-639eb86\" data-id=\"639eb86\" data-element_type=\"column\" data-e-type=\"column\" data-settings=\"{&quot;background_background&quot;:&quot;classic&quot;}\">\n\t\t\t<div class=\"elementor-widget-wrap elementor-element-populated\">\n\t\t\t\t\t\t<div class=\"elementor-element elementor-element-8a54db6 elementor-widget elementor-widget-heading\" data-id=\"8a54db6\" data-element_type=\"widget\" data-e-type=\"widget\" data-widget_type=\"heading.default\">\n\t\t\t\t<div class=\"elementor-widget-container\">\n\t\t\t\t\t<h1 class=\"elementor-heading-title elementor-size-default\">Privacy Policy\n<\/h1>\t\t\t\t<\/div>\n\t\t\t\t<\/div>\n\t\t\t\t\t<\/div>\n\t\t<\/div>\n\t\t\t\t\t<\/div>\n\t\t<\/section>\n\t\t\t\t<section class=\"elementor-section elementor-top-section elementor-element elementor-element-7dca14a3 elementor-section-boxed elementor-section-height-default elementor-section-height-default\" data-id=\"7dca14a3\" data-element_type=\"section\" data-e-type=\"section\" data-settings=\"{&quot;background_background&quot;:&quot;classic&quot;,&quot;_ha_eqh_enable&quot;:false}\">\n\t\t\t\t\t\t<div class=\"elementor-container elementor-column-gap-default\">\n\t\t\t\t\t<div class=\"elementor-column elementor-col-100 elementor-top-column elementor-element elementor-element-52a0377e\" data-id=\"52a0377e\" data-element_type=\"column\" data-e-type=\"column\">\n\t\t\t<div class=\"elementor-widget-wrap elementor-element-populated\">\n\t\t\t\t\t\t<div class=\"elementor-element elementor-element-56cdd6ab elementor-widget elementor-widget-heading\" data-id=\"56cdd6ab\" data-element_type=\"widget\" data-e-type=\"widget\" data-settings=\"{&quot;_animation&quot;:&quot;none&quot;}\" data-widget_type=\"heading.default\">\n\t\t\t\t<div class=\"elementor-widget-container\">\n\t\t\t\t\t<h2 class=\"elementor-heading-title elementor-size-default\">Privacy Policy<\/h2>\t\t\t\t<\/div>\n\t\t\t\t<\/div>\n\t\t\t\t<div class=\"elementor-element elementor-element-a981310 rubrikerintegritet elementor-widget elementor-widget-text-editor\" data-id=\"a981310\" data-element_type=\"widget\" data-e-type=\"widget\" data-widget_type=\"text-editor.default\">\n\t\t\t\t<div class=\"elementor-widget-container\">\n\t\t\t\t\t\t\t\t\t<p>This privacy policy describes how OP Fastigheter i \u00d6rebro AB org 559080-8449, processes your personal data within the framework of our business. Personal data means any information that can be directly or indirectly linked to a living natural person. Please read this Privacy Policy carefully to understand how and for what purposes we process your personal data.<\/p>\n<h3>Purpose of the processing of Personal Data:<\/h3>\n<p>We process personal data when you apply for housing, become a tenant and also for some time after your contract has ended. The purpose is to administer your application, conclude contracts, maintain our obligations in the tenancy and provide a good service. This may include putting a nameplate on the door, sending out rental notices or receiving complaints.<\/p>\n<h3>Personal data that may be processed:<\/h3>\n<ul>\n<li>Name<\/li>\n<li>Personal number<\/li>\n<li>Address (including previous or temporary address, c\/o if applicable)<\/li>\n<li>Contract number and apartment number<\/li>\n<li>Telephone number and any email address<\/li>\n<li>Existence of security, if any guarantor<\/li>\n<li>Existence of a trustee, guardian and, where applicable, their contact details<\/li>\n<li>Data on payments, direct debit<\/li>\n<li>Access logs in electronic key systems (where available)<\/li>\n<li>For student accommodation, the scope of studies will be added by the admission notice.<\/li>\n<\/ul>\n<h4>In order to safeguard legal claims arising from the agreement, the following may also be processed:<\/h4>\n<ul>\n<li><span style=\"font-size: 17px;\">Failure to pay<\/span><\/li>\n<li>Disturbances in housing<\/li>\n<li>Notice to the Social Welfare Board in relation to the above points<\/li>\n<li>Suspicion of criminal activity in the apartment<\/li>\n<li>Data needed to control unauthorized subletting and transfer of property<\/li>\n<\/ul>\n<h4>In special agreement with you as a tenant, we may also process:<\/h4>\n<ul>\n<li>Contact details for relatives (ICE &#8211; In Case of Emergency)<\/li>\n<li>Language preference not involving ethnicity<\/li>\n<li>Data such as housing adaptations in the apartment or health conditions<\/li>\n<li>Indication of the interpreter and the language Storage of personal data<br \/>We keep your data for as long as it is necessary to fulfill the purposes for which it was originally collected. We have ongoing procedures to ensure that we do not store unnecessary data about you and we minimize the storage time as much as possible.<\/li>\n<\/ul>\n<h3>Access to personal data<\/h3>\n<p>We handle your personal data in a restrictive way. Processing, storage and deletion are carried out in a safe and secure manner that ensures that no unauthorized person has access to the data. As a rule, we do not disclose your personal data to third parties but sometimes it is necessary for the rental relationship. Your personal data may be used by our suppliers (so-called data processors). This can include insurance companies such as Commuter Security Group and partners who carry out repairs, maintenance and service in your property. They are subject to the same restrictions as we are, by contract. Data may be disclosed to authorities in cases where this is required by law or by decision of the authorities. If the property is sold, the information may be provided to the buyer of the property.<\/p>\n<p>We never disclose personal data for external marketing purposes. Contact us if you have\/receive protected personal data.<\/p>\n<h3>Your rights<\/h3>\n<p>You have the right to receive information about the personal data we process about you, a register extract. You also have the right to have your data deleted at the end of the contract or to have it transferred to another controller. Complaints about the processing of your personal data can be submitted to us and to the Data Protection Authority.<\/p>\n<h3>Contact details<\/h3>\n<p>If you have any questions, comments or complaints about our processing of your personal data or our compliance with this policy and applicable data protection law, please feel free to contact us:<\/p>\n<p>OP Fastigheter i \u00d6rebro AB,<br \/>Jordgatan 12, 702 23 \u00d6REBRO<br \/><a href=\"mailto:info@opfastigheter.se\"><span style=\"text-decoration: underline;\">info@opfastigheter.se<\/span><\/a><\/p>\n\t\t\t\t\t\t\t\t<\/div>\n\t\t\t\t<\/div>\n\t\t\t\t<div class=\"elementor-element elementor-element-2465b48 elementor-widget elementor-widget-heading\" data-id=\"2465b48\" data-element_type=\"widget\" data-e-type=\"widget\" data-settings=\"{&quot;_animation&quot;:&quot;none&quot;}\" data-widget_type=\"heading.default\">\n\t\t\t\t<div class=\"elementor-widget-container\">\n\t\t\t\t\t<h2 class=\"elementor-heading-title elementor-size-default\">Use of cookies<\/h2>\t\t\t\t<\/div>\n\t\t\t\t<\/div>\n\t\t\t\t<div class=\"elementor-element elementor-element-84a5228 elementor-widget elementor-widget-text-editor\" data-id=\"84a5228\" data-element_type=\"widget\" data-e-type=\"widget\" data-widget_type=\"text-editor.default\">\n\t\t\t\t<div class=\"elementor-widget-container\">\n\t\t\t\t\t\t\t\t\t<p>A cookie is a small text file stored on your computer. There are different types of cookies. A permanent cookie remains on the visitor&#8217;s computer for a certain period of time. A session cookie is temporarily stored in the computer&#8217;s memory while a visitor is on a website. Session cookies disappear when you close your browser.<\/p>\n<p>This website uses cookies. You choose to accept our use of cookies during your visit by clicking &#8220;Ok&#8221;. We use cookies to collect statistics and provide you with a good experience when you visit our website. You can indicate in your browser settings whether or not you accept the placement of cookies. You can also choose at any time in your browser settings to delete cookies that have been placed on your computer.<\/p>\n<p><b>These cookies are used on the OP Fastigheter website:<br \/><\/b><span style=\"font-size: 16px;\">A session cookie used by the web server for the functionality of the website. No personal information is saved and the cookie expires when the browser is closed.<\/span><\/p>\n\t\t\t\t\t\t\t\t<\/div>\n\t\t\t\t<\/div>\n\t\t\t\t\t<\/div>\n\t\t<\/div>\n\t\t\t\t\t<\/div>\n\t\t<\/section>\n\t\t\t\t<\/div>\n\t\t","protected":false},"excerpt":{"rendered":"<p>Privacy Policy Privacy Policy This privacy policy describes how OP Fastigheter i \u00d6rebro AB org 559080-8449, processes your personal data within the framework of our business. Personal data means any information that can be directly or indirectly linked to a living natural person. Please read this Privacy Policy carefully to understand how and for what [&hellip;]<\/p>\n","protected":false},"author":1,"featured_media":0,"parent":0,"menu_order":0,"comment_status":"closed","ping_status":"closed","template":"","meta":{"site-sidebar-layout":"no-sidebar","site-content-layout":"page-builder","ast-site-content-layout":"default","site-content-style":"default","site-sidebar-style":"default","ast-global-header-display":"","ast-banner-title-visibility":"","ast-main-header-display":"","ast-hfb-above-header-display":"","ast-hfb-below-header-display":"","ast-hfb-mobile-header-display":"","site-post-title":"disabled","ast-breadcrumbs-content":"","ast-featured-img":"disabled","footer-sml-layout":"","ast-disable-related-posts":"","theme-transparent-header-meta":"default","adv-header-id-meta":"","stick-header-meta":"","header-above-stick-meta":"","header-main-stick-meta":"","header-below-stick-meta":"","astra-migrate-meta-layouts":"default","ast-page-background-enabled":"default","ast-page-background-meta":{"desktop":{"background-color":"","background-image":"","background-repeat":"repeat","background-position":"center center","background-size":"auto","background-attachment":"scroll","background-type":"","background-media":"","overlay-type":"","overlay-color":"","overlay-opacity":"","overlay-gradient":""},"tablet":{"background-color":"","background-image":"","background-repeat":"repeat","background-position":"center center","background-size":"auto","background-attachment":"scroll","background-type":"","background-media":"","overlay-type":"","overlay-color":"","overlay-opacity":"","overlay-gradient":""},"mobile":{"background-color":"","background-image":"","background-repeat":"repeat","background-position":"center center","background-size":"auto","background-attachment":"scroll","background-type":"","background-media":"","overlay-type":"","overlay-color":"","overlay-opacity":"","overlay-gradient":""}},"ast-content-background-meta":{"desktop":{"background-color":"var(--ast-global-color-5)","background-image":"","background-repeat":"repeat","background-position":"center center","background-size":"auto","background-attachment":"scroll","background-type":"","background-media":"","overlay-type":"","overlay-color":"","overlay-opacity":"","overlay-gradient":""},"tablet":{"background-color":"var(--ast-global-color-5)","background-image":"","background-repeat":"repeat","background-position":"center center","background-size":"auto","background-attachment":"scroll","background-type":"","background-media":"","overlay-type":"","overlay-color":"","overlay-opacity":"","overlay-gradient":""},"mobile":{"background-color":"var(--ast-global-color-5)","background-image":"","background-repeat":"repeat","background-position":"center center","background-size":"auto","background-attachment":"scroll","background-type":"","background-media":"","overlay-type":"","overlay-color":"","overlay-opacity":"","overlay-gradient":""}},"footnotes":""},"class_list":["post-3511","page","type-page","status-publish","hentry"],"yoast_head":"<!-- This site is optimized with the Yoast SEO plugin v27.3 - https:\/\/yoast.com\/product\/yoast-seo-wordpress\/ -->\n<title>Privacy Policy - OP Fastigheter<\/title>\n<meta name=\"description\" content=\"OP Fastigheter erbjuder hyresbost\u00e4der och hyresr\u00e4tter i \u00d6rebro samt lokaler i G\u00f6teborg och Lysekil. Hitta din n\u00e4sta bostad med v\u00e5r professionella f\u00f6rvaltning!\" \/>\n<meta name=\"robots\" content=\"index, follow, max-snippet:-1, max-image-preview:large, max-video-preview:-1\" \/>\n<link rel=\"canonical\" href=\"https:\/\/www.opfastigheter.se\/en\/privacy-policy\/\" \/>\n<meta property=\"og:locale\" content=\"en_US\" \/>\n<meta property=\"og:type\" content=\"article\" \/>\n<meta property=\"og:title\" content=\"Privacy Policy - OP Fastigheter\" \/>\n<meta property=\"og:description\" content=\"OP Fastigheter erbjuder hyresbost\u00e4der och hyresr\u00e4tter i \u00d6rebro samt lokaler i G\u00f6teborg och Lysekil. Hitta din n\u00e4sta bostad med v\u00e5r professionella f\u00f6rvaltning!\" \/>\n<meta property=\"og:url\" content=\"https:\/\/www.opfastigheter.se\/en\/privacy-policy\/\" \/>\n<meta property=\"og:site_name\" content=\"OP Fastigheter\" \/>\n<meta property=\"article:publisher\" content=\"https:\/\/www.facebook.com\/profile.php?id=61556535413722\" \/>\n<meta property=\"article:modified_time\" content=\"2023-06-27T14:38:42+00:00\" \/>\n<meta name=\"twitter:card\" content=\"summary_large_image\" \/>\n<meta name=\"twitter:label1\" content=\"Est. reading time\" \/>\n\t<meta name=\"twitter:data1\" content=\"4 minutes\" \/>\n<script type=\"application\/ld+json\" class=\"yoast-schema-graph\">{\"@context\":\"https:\\\/\\\/schema.org\",\"@graph\":[{\"@type\":\"WebPage\",\"@id\":\"https:\\\/\\\/www.opfastigheter.se\\\/en\\\/privacy-policy\\\/\",\"url\":\"https:\\\/\\\/www.opfastigheter.se\\\/en\\\/privacy-policy\\\/\",\"name\":\"Privacy Policy - OP Fastigheter\",\"isPartOf\":{\"@id\":\"https:\\\/\\\/www.opfastigheter.se\\\/#website\"},\"datePublished\":\"2023-04-20T07:41:30+00:00\",\"dateModified\":\"2023-06-27T14:38:42+00:00\",\"description\":\"OP Fastigheter erbjuder hyresbost\u00e4der och hyresr\u00e4tter i \u00d6rebro samt lokaler i G\u00f6teborg och Lysekil. Hitta din n\u00e4sta bostad med v\u00e5r professionella f\u00f6rvaltning!\",\"breadcrumb\":{\"@id\":\"https:\\\/\\\/www.opfastigheter.se\\\/en\\\/privacy-policy\\\/#breadcrumb\"},\"inLanguage\":\"en-US\",\"potentialAction\":[{\"@type\":\"ReadAction\",\"target\":[\"https:\\\/\\\/www.opfastigheter.se\\\/en\\\/privacy-policy\\\/\"]}]},{\"@type\":\"BreadcrumbList\",\"@id\":\"https:\\\/\\\/www.opfastigheter.se\\\/en\\\/privacy-policy\\\/#breadcrumb\",\"itemListElement\":[{\"@type\":\"ListItem\",\"position\":1,\"name\":\"Hem\",\"item\":\"https:\\\/\\\/www.opfastigheter.se\\\/en\\\/\"},{\"@type\":\"ListItem\",\"position\":2,\"name\":\"Privacy Policy\"}]},{\"@type\":\"WebSite\",\"@id\":\"https:\\\/\\\/www.opfastigheter.se\\\/#website\",\"url\":\"https:\\\/\\\/www.opfastigheter.se\\\/\",\"name\":\"OP Fastigheter\",\"description\":\"OP Fastigheter \u00e4ger och f\u00f6rvaltar \u00f6ver 50 000 kvm bost\u00e4der, kontor och lokaler. Huvuddelen av fastigheterna och verksamheten finns i \u00d6rebro\",\"publisher\":{\"@id\":\"https:\\\/\\\/www.opfastigheter.se\\\/#organization\"},\"potentialAction\":[{\"@type\":\"SearchAction\",\"target\":{\"@type\":\"EntryPoint\",\"urlTemplate\":\"https:\\\/\\\/www.opfastigheter.se\\\/?s={search_term_string}\"},\"query-input\":{\"@type\":\"PropertyValueSpecification\",\"valueRequired\":true,\"valueName\":\"search_term_string\"}}],\"inLanguage\":\"en-US\"},{\"@type\":\"Organization\",\"@id\":\"https:\\\/\\\/www.opfastigheter.se\\\/#organization\",\"name\":\"OP Fastigheter\",\"url\":\"https:\\\/\\\/www.opfastigheter.se\\\/\",\"logo\":{\"@type\":\"ImageObject\",\"inLanguage\":\"en-US\",\"@id\":\"https:\\\/\\\/www.opfastigheter.se\\\/#\\\/schema\\\/logo\\\/image\\\/\",\"url\":\"https:\\\/\\\/www.opfastigheter.se\\\/wp-content\\\/uploads\\\/2022\\\/08\\\/cropped-logo-1.jpg\",\"contentUrl\":\"https:\\\/\\\/www.opfastigheter.se\\\/wp-content\\\/uploads\\\/2022\\\/08\\\/cropped-logo-1.jpg\",\"width\":512,\"height\":512,\"caption\":\"OP Fastigheter\"},\"image\":{\"@id\":\"https:\\\/\\\/www.opfastigheter.se\\\/#\\\/schema\\\/logo\\\/image\\\/\"},\"sameAs\":[\"https:\\\/\\\/www.facebook.com\\\/profile.php?id=61556535413722\",\"https:\\\/\\\/www.instagram.com\\\/opfastigheter\"]}]}<\/script>\n<!-- \/ Yoast SEO plugin. -->","yoast_head_json":{"title":"Privacy Policy - OP Fastigheter","description":"OP Fastigheter erbjuder hyresbost\u00e4der och hyresr\u00e4tter i \u00d6rebro samt lokaler i G\u00f6teborg och Lysekil. Hitta din n\u00e4sta bostad med v\u00e5r professionella f\u00f6rvaltning!","robots":{"index":"index","follow":"follow","max-snippet":"max-snippet:-1","max-image-preview":"max-image-preview:large","max-video-preview":"max-video-preview:-1"},"canonical":"https:\/\/www.opfastigheter.se\/en\/privacy-policy\/","og_locale":"en_US","og_type":"article","og_title":"Privacy Policy - OP Fastigheter","og_description":"OP Fastigheter erbjuder hyresbost\u00e4der och hyresr\u00e4tter i \u00d6rebro samt lokaler i G\u00f6teborg och Lysekil. Hitta din n\u00e4sta bostad med v\u00e5r professionella f\u00f6rvaltning!","og_url":"https:\/\/www.opfastigheter.se\/en\/privacy-policy\/","og_site_name":"OP Fastigheter","article_publisher":"https:\/\/www.facebook.com\/profile.php?id=61556535413722","article_modified_time":"2023-06-27T14:38:42+00:00","twitter_card":"summary_large_image","twitter_misc":{"Est. reading time":"4 minutes"},"schema":{"@context":"https:\/\/schema.org","@graph":[{"@type":"WebPage","@id":"https:\/\/www.opfastigheter.se\/en\/privacy-policy\/","url":"https:\/\/www.opfastigheter.se\/en\/privacy-policy\/","name":"Privacy Policy - OP Fastigheter","isPartOf":{"@id":"https:\/\/www.opfastigheter.se\/#website"},"datePublished":"2023-04-20T07:41:30+00:00","dateModified":"2023-06-27T14:38:42+00:00","description":"OP Fastigheter erbjuder hyresbost\u00e4der och hyresr\u00e4tter i \u00d6rebro samt lokaler i G\u00f6teborg och Lysekil. Hitta din n\u00e4sta bostad med v\u00e5r professionella f\u00f6rvaltning!","breadcrumb":{"@id":"https:\/\/www.opfastigheter.se\/en\/privacy-policy\/#breadcrumb"},"inLanguage":"en-US","potentialAction":[{"@type":"ReadAction","target":["https:\/\/www.opfastigheter.se\/en\/privacy-policy\/"]}]},{"@type":"BreadcrumbList","@id":"https:\/\/www.opfastigheter.se\/en\/privacy-policy\/#breadcrumb","itemListElement":[{"@type":"ListItem","position":1,"name":"Hem","item":"https:\/\/www.opfastigheter.se\/en\/"},{"@type":"ListItem","position":2,"name":"Privacy Policy"}]},{"@type":"WebSite","@id":"https:\/\/www.opfastigheter.se\/#website","url":"https:\/\/www.opfastigheter.se\/","name":"OP Fastigheter","description":"OP Fastigheter \u00e4ger och f\u00f6rvaltar \u00f6ver 50 000 kvm bost\u00e4der, kontor och lokaler. Huvuddelen av fastigheterna och verksamheten finns i \u00d6rebro","publisher":{"@id":"https:\/\/www.opfastigheter.se\/#organization"},"potentialAction":[{"@type":"SearchAction","target":{"@type":"EntryPoint","urlTemplate":"https:\/\/www.opfastigheter.se\/?s={search_term_string}"},"query-input":{"@type":"PropertyValueSpecification","valueRequired":true,"valueName":"search_term_string"}}],"inLanguage":"en-US"},{"@type":"Organization","@id":"https:\/\/www.opfastigheter.se\/#organization","name":"OP Fastigheter","url":"https:\/\/www.opfastigheter.se\/","logo":{"@type":"ImageObject","inLanguage":"en-US","@id":"https:\/\/www.opfastigheter.se\/#\/schema\/logo\/image\/","url":"https:\/\/www.opfastigheter.se\/wp-content\/uploads\/2022\/08\/cropped-logo-1.jpg","contentUrl":"https:\/\/www.opfastigheter.se\/wp-content\/uploads\/2022\/08\/cropped-logo-1.jpg","width":512,"height":512,"caption":"OP Fastigheter"},"image":{"@id":"https:\/\/www.opfastigheter.se\/#\/schema\/logo\/image\/"},"sameAs":["https:\/\/www.facebook.com\/profile.php?id=61556535413722","https:\/\/www.instagram.com\/opfastigheter"]}]}},"_links":{"self":[{"href":"https:\/\/www.opfastigheter.se\/en\/wp-json\/wp\/v2\/pages\/3511","targetHints":{"allow":["GET"]}}],"collection":[{"href":"https:\/\/www.opfastigheter.se\/en\/wp-json\/wp\/v2\/pages"}],"about":[{"href":"https:\/\/www.opfastigheter.se\/en\/wp-json\/wp\/v2\/types\/page"}],"author":[{"embeddable":true,"href":"https:\/\/www.opfastigheter.se\/en\/wp-json\/wp\/v2\/users\/1"}],"replies":[{"embeddable":true,"href":"https:\/\/www.opfastigheter.se\/en\/wp-json\/wp\/v2\/comments?post=3511"}],"version-history":[{"count":2,"href":"https:\/\/www.opfastigheter.se\/en\/wp-json\/wp\/v2\/pages\/3511\/revisions"}],"predecessor-version":[{"id":3513,"href":"https:\/\/www.opfastigheter.se\/en\/wp-json\/wp\/v2\/pages\/3511\/revisions\/3513"}],"wp:attachment":[{"href":"https:\/\/www.opfastigheter.se\/en\/wp-json\/wp\/v2\/media?parent=3511"}],"curies":[{"name":"wp","href":"https:\/\/api.w.org\/{rel}","templated":true}]}}