{"id":3487,"date":"2022-09-12T11:35:09","date_gmt":"2022-09-12T09:35:09","guid":{"rendered":"https:\/\/www.opfastigheter.se\/welcome-tenant\/"},"modified":"2023-06-27T14:38:44","modified_gmt":"2023-06-27T14:38:44","slug":"welcome-tenant","status":"publish","type":"page","link":"https:\/\/www.opfastigheter.se\/en\/welcome-tenant\/","title":{"rendered":"Welcome tenant"},"content":{"rendered":"\t\t<div data-elementor-type=\"wp-page\" data-elementor-id=\"3487\" class=\"elementor elementor-3487 elementor-2260\" data-elementor-settings=\"{&quot;ha_cmc_init_switcher&quot;:&quot;no&quot;}\" data-elementor-post-type=\"page\">\n\t\t\t\t\t\t<section class=\"elementor-section elementor-top-section elementor-element elementor-element-b697880 elementor-section-height-min-height elementor-section-boxed elementor-section-height-default elementor-section-items-middle\" data-id=\"b697880\" data-element_type=\"section\" data-e-type=\"section\" data-settings=\"{&quot;background_background&quot;:&quot;classic&quot;,&quot;_ha_eqh_enable&quot;:false}\">\n\t\t\t\t\t\t\t<div class=\"elementor-background-overlay\"><\/div>\n\t\t\t\t\t\t\t<div class=\"elementor-container elementor-column-gap-wider\">\n\t\t\t\t\t<div class=\"elementor-column elementor-col-100 elementor-top-column elementor-element elementor-element-1c4df5d\" data-id=\"1c4df5d\" data-element_type=\"column\" data-e-type=\"column\" data-settings=\"{&quot;background_background&quot;:&quot;classic&quot;}\">\n\t\t\t<div class=\"elementor-widget-wrap elementor-element-populated\">\n\t\t\t\t\t\t<div class=\"elementor-element elementor-element-961fac7 elementor-widget elementor-widget-heading\" data-id=\"961fac7\" data-element_type=\"widget\" data-e-type=\"widget\" data-widget_type=\"heading.default\">\n\t\t\t\t<div class=\"elementor-widget-container\">\n\t\t\t\t\t<h1 class=\"elementor-heading-title elementor-size-default\">Welcome tenant<\/h1>\t\t\t\t<\/div>\n\t\t\t\t<\/div>\n\t\t\t\t\t<\/div>\n\t\t<\/div>\n\t\t\t\t\t<\/div>\n\t\t<\/section>\n\t\t\t\t<section class=\"elementor-section elementor-top-section elementor-element elementor-element-d932b2b elementor-section-boxed elementor-section-height-default elementor-section-height-default\" data-id=\"d932b2b\" data-element_type=\"section\" data-e-type=\"section\" data-settings=\"{&quot;background_background&quot;:&quot;classic&quot;,&quot;_ha_eqh_enable&quot;:false}\">\n\t\t\t\t\t\t<div class=\"elementor-container elementor-column-gap-default\">\n\t\t\t\t\t<div class=\"elementor-column elementor-col-50 elementor-top-column elementor-element elementor-element-0cb21a3\" data-id=\"0cb21a3\" data-element_type=\"column\" data-e-type=\"column\">\n\t\t\t<div class=\"elementor-widget-wrap elementor-element-populated\">\n\t\t\t\t\t\t<div class=\"elementor-element elementor-element-ac5f7cf elementor-widget elementor-widget-heading\" data-id=\"ac5f7cf\" data-element_type=\"widget\" data-e-type=\"widget\" data-settings=\"{&quot;_animation&quot;:&quot;none&quot;}\" data-widget_type=\"heading.default\">\n\t\t\t\t<div class=\"elementor-widget-container\">\n\t\t\t\t\t<h2 class=\"elementor-heading-title elementor-size-default\">Welcome tenant<\/h2>\t\t\t\t<\/div>\n\t\t\t\t<\/div>\n\t\t\t\t<div class=\"elementor-element elementor-element-2992558b elementor-widget elementor-widget-text-editor\" data-id=\"2992558b\" data-element_type=\"widget\" data-e-type=\"widget\" data-settings=\"{&quot;_animation&quot;:&quot;none&quot;}\" data-widget_type=\"text-editor.default\">\n\t\t\t\t<div class=\"elementor-widget-container\">\n\t\t\t\t\t\t\t\t\t<p>You have access to your apartment at 12.00 on the day the lease starts. If the date is a Saturday, Sunday or public holiday, you must move in on the next working day.<\/p>\n<p>If you have moved in without the caretaker present, you must sign and submit the inspection report found in the apartment.<\/p>\n<p>You are responsible for your apartment and for those who visit you in the property. We hope that you will enjoy living with your neighbors and that you will show consideration for each other. Parties and celebrations are of course enjoyable from time to time, but we see that the property is quiet between 22:00-07:00. The real estate emergency service includes emergency call-outs, which are very costly and are charged to the disruptive tenant.<\/p>\n<p>Self-painting and wallpapering must be done professionally and inspected by us both before and after completion.<\/p>\n<p>All apartments are equipped with smoke alarms.<\/p>\n<p>Drilling in walls and ceilings in bathrooms is absolutely forbidden we have a high standard in all bathrooms&nbsp;with bathroom cabinets, hooks and towel dryers etc.&nbsp;If there are more wishes, please contact us instead.<\/p>\n<p>You are responsible for your bulky waste.<\/p>\n<p>Pets should always be kept on a leash outside your apartment and it is particularly important that they are kept away from children&#8217;s play areas.<\/p>\t\t\t\t\t\t\t\t<\/div>\n\t\t\t\t<\/div>\n\t\t\t\t\t<\/div>\n\t\t<\/div>\n\t\t\t\t<div class=\"elementor-column elementor-col-50 elementor-top-column elementor-element elementor-element-33157fc\" data-id=\"33157fc\" data-element_type=\"column\" data-e-type=\"column\" data-settings=\"{&quot;background_background&quot;:&quot;classic&quot;}\">\n\t\t\t<div class=\"elementor-widget-wrap elementor-element-populated\">\n\t\t\t\t\t\t<div class=\"elementor-element elementor-element-8b8f5f1 elementor-widget elementor-widget-image\" data-id=\"8b8f5f1\" data-element_type=\"widget\" data-e-type=\"widget\" data-widget_type=\"image.default\">\n\t\t\t\t<div class=\"elementor-widget-container\">\n\t\t\t\t\t\t\t\t\t\t\t\t\t\t\t<img fetchpriority=\"high\" decoding=\"async\" width=\"800\" height=\"533\" src=\"https:\/\/www.opfastigheter.se\/wp-content\/uploads\/2023\/04\/nyinflyttat-par.jpg\" class=\"attachment-full size-full wp-image-3433\" alt=\"\" srcset=\"https:\/\/www.opfastigheter.se\/wp-content\/uploads\/2023\/04\/nyinflyttat-par.jpg 800w, https:\/\/www.opfastigheter.se\/wp-content\/uploads\/2023\/04\/nyinflyttat-par-300x200.jpg 300w, https:\/\/www.opfastigheter.se\/wp-content\/uploads\/2023\/04\/nyinflyttat-par-768x512.jpg 768w\" sizes=\"(max-width: 800px) 100vw, 800px\" \/>\t\t\t\t\t\t\t\t\t\t\t\t\t\t\t<\/div>\n\t\t\t\t<\/div>\n\t\t\t\t\t<\/div>\n\t\t<\/div>\n\t\t\t\t\t<\/div>\n\t\t<\/section>\n\t\t\t\t<\/div>\n\t\t","protected":false},"excerpt":{"rendered":"<p>Welcome tenant Welcome tenant You have access to your apartment at 12.00 on the day the lease starts. If the date is a Saturday, Sunday or public holiday, you must move in on the next working day. If you have moved in without the caretaker present, you must sign and submit the inspection report found [&hellip;]<\/p>\n","protected":false},"author":1,"featured_media":0,"parent":0,"menu_order":0,"comment_status":"closed","ping_status":"closed","template":"","meta":{"site-sidebar-layout":"no-sidebar","site-content-layout":"page-builder","ast-site-content-layout":"default","site-content-style":"default","site-sidebar-style":"default","ast-global-header-display":"","ast-banner-title-visibility":"","ast-main-header-display":"","ast-hfb-above-header-display":"","ast-hfb-below-header-display":"","ast-hfb-mobile-header-display":"","site-post-title":"disabled","ast-breadcrumbs-content":"","ast-featured-img":"disabled","footer-sml-layout":"","ast-disable-related-posts":"","theme-transparent-header-meta":"default","adv-header-id-meta":"","stick-header-meta":"","header-above-stick-meta":"","header-main-stick-meta":"","header-below-stick-meta":"","astra-migrate-meta-layouts":"default","ast-page-background-enabled":"default","ast-page-background-meta":{"desktop":{"background-color":"","background-image":"","background-repeat":"repeat","background-position":"center center","background-size":"auto","background-attachment":"scroll","background-type":"","background-media":"","overlay-type":"","overlay-color":"","overlay-opacity":"","overlay-gradient":""},"tablet":{"background-color":"","background-image":"","background-repeat":"repeat","background-position":"center center","background-size":"auto","background-attachment":"scroll","background-type":"","background-media":"","overlay-type":"","overlay-color":"","overlay-opacity":"","overlay-gradient":""},"mobile":{"background-color":"","background-image":"","background-repeat":"repeat","background-position":"center center","background-size":"auto","background-attachment":"scroll","background-type":"","background-media":"","overlay-type":"","overlay-color":"","overlay-opacity":"","overlay-gradient":""}},"ast-content-background-meta":{"desktop":{"background-color":"var(--ast-global-color-5)","background-image":"","background-repeat":"repeat","background-position":"center center","background-size":"auto","background-attachment":"scroll","background-type":"","background-media":"","overlay-type":"","overlay-color":"","overlay-opacity":"","overlay-gradient":""},"tablet":{"background-color":"var(--ast-global-color-5)","background-image":"","background-repeat":"repeat","background-position":"center center","background-size":"auto","background-attachment":"scroll","background-type":"","background-media":"","overlay-type":"","overlay-color":"","overlay-opacity":"","overlay-gradient":""},"mobile":{"background-color":"var(--ast-global-color-5)","background-image":"","background-repeat":"repeat","background-position":"center center","background-size":"auto","background-attachment":"scroll","background-type":"","background-media":"","overlay-type":"","overlay-color":"","overlay-opacity":"","overlay-gradient":""}},"footnotes":""},"class_list":["post-3487","page","type-page","status-publish","hentry"],"yoast_head":"<!-- This site is optimized with the Yoast SEO plugin v27.3 - https:\/\/yoast.com\/product\/yoast-seo-wordpress\/ -->\n<title>Welcome tenant - OP Fastigheter<\/title>\n<meta name=\"description\" content=\"OP Fastigheter erbjuder hyresbost\u00e4der och hyresr\u00e4tter i \u00d6rebro samt lokaler i G\u00f6teborg och Lysekil. Hitta din n\u00e4sta bostad med v\u00e5r professionella f\u00f6rvaltning!\" \/>\n<meta name=\"robots\" content=\"index, follow, max-snippet:-1, max-image-preview:large, max-video-preview:-1\" \/>\n<link rel=\"canonical\" href=\"https:\/\/www.opfastigheter.se\/en\/welcome-tenant\/\" \/>\n<meta property=\"og:locale\" content=\"en_US\" \/>\n<meta property=\"og:type\" content=\"article\" \/>\n<meta property=\"og:title\" content=\"Welcome tenant - OP Fastigheter\" \/>\n<meta property=\"og:description\" content=\"OP Fastigheter erbjuder hyresbost\u00e4der och hyresr\u00e4tter i \u00d6rebro samt lokaler i G\u00f6teborg och Lysekil. Hitta din n\u00e4sta bostad med v\u00e5r professionella f\u00f6rvaltning!\" \/>\n<meta property=\"og:url\" content=\"https:\/\/www.opfastigheter.se\/en\/welcome-tenant\/\" \/>\n<meta property=\"og:site_name\" content=\"OP Fastigheter\" \/>\n<meta property=\"article:publisher\" content=\"https:\/\/www.facebook.com\/profile.php?id=61556535413722\" \/>\n<meta property=\"article:modified_time\" content=\"2023-06-27T14:38:44+00:00\" \/>\n<meta property=\"og:image\" content=\"https:\/\/www.opfastigheter.se\/wp-content\/uploads\/2023\/04\/nyinflyttat-par.jpg\" \/>\n<meta name=\"twitter:card\" content=\"summary_large_image\" \/>\n<meta name=\"twitter:label1\" content=\"Est. reading time\" \/>\n\t<meta name=\"twitter:data1\" content=\"1 minute\" \/>\n<script type=\"application\/ld+json\" class=\"yoast-schema-graph\">{\"@context\":\"https:\\\/\\\/schema.org\",\"@graph\":[{\"@type\":\"WebPage\",\"@id\":\"https:\\\/\\\/www.opfastigheter.se\\\/en\\\/welcome-tenant\\\/\",\"url\":\"https:\\\/\\\/www.opfastigheter.se\\\/en\\\/welcome-tenant\\\/\",\"name\":\"Welcome tenant - OP Fastigheter\",\"isPartOf\":{\"@id\":\"https:\\\/\\\/www.opfastigheter.se\\\/#website\"},\"primaryImageOfPage\":{\"@id\":\"https:\\\/\\\/www.opfastigheter.se\\\/en\\\/welcome-tenant\\\/#primaryimage\"},\"image\":{\"@id\":\"https:\\\/\\\/www.opfastigheter.se\\\/en\\\/welcome-tenant\\\/#primaryimage\"},\"thumbnailUrl\":\"https:\\\/\\\/www.opfastigheter.se\\\/wp-content\\\/uploads\\\/2023\\\/04\\\/nyinflyttat-par.jpg\",\"datePublished\":\"2022-09-12T09:35:09+00:00\",\"dateModified\":\"2023-06-27T14:38:44+00:00\",\"description\":\"OP Fastigheter erbjuder hyresbost\u00e4der och hyresr\u00e4tter i \u00d6rebro samt lokaler i G\u00f6teborg och Lysekil. Hitta din n\u00e4sta bostad med v\u00e5r professionella f\u00f6rvaltning!\",\"breadcrumb\":{\"@id\":\"https:\\\/\\\/www.opfastigheter.se\\\/en\\\/welcome-tenant\\\/#breadcrumb\"},\"inLanguage\":\"en-US\",\"potentialAction\":[{\"@type\":\"ReadAction\",\"target\":[\"https:\\\/\\\/www.opfastigheter.se\\\/en\\\/welcome-tenant\\\/\"]}]},{\"@type\":\"ImageObject\",\"inLanguage\":\"en-US\",\"@id\":\"https:\\\/\\\/www.opfastigheter.se\\\/en\\\/welcome-tenant\\\/#primaryimage\",\"url\":\"https:\\\/\\\/www.opfastigheter.se\\\/wp-content\\\/uploads\\\/2023\\\/04\\\/nyinflyttat-par.jpg\",\"contentUrl\":\"https:\\\/\\\/www.opfastigheter.se\\\/wp-content\\\/uploads\\\/2023\\\/04\\\/nyinflyttat-par.jpg\"},{\"@type\":\"BreadcrumbList\",\"@id\":\"https:\\\/\\\/www.opfastigheter.se\\\/en\\\/welcome-tenant\\\/#breadcrumb\",\"itemListElement\":[{\"@type\":\"ListItem\",\"position\":1,\"name\":\"Hem\",\"item\":\"https:\\\/\\\/www.opfastigheter.se\\\/en\\\/\"},{\"@type\":\"ListItem\",\"position\":2,\"name\":\"Welcome tenant\"}]},{\"@type\":\"WebSite\",\"@id\":\"https:\\\/\\\/www.opfastigheter.se\\\/#website\",\"url\":\"https:\\\/\\\/www.opfastigheter.se\\\/\",\"name\":\"OP Fastigheter\",\"description\":\"OP Fastigheter \u00e4ger och f\u00f6rvaltar \u00f6ver 50 000 kvm bost\u00e4der, kontor och lokaler. Huvuddelen av fastigheterna och verksamheten finns i \u00d6rebro\",\"publisher\":{\"@id\":\"https:\\\/\\\/www.opfastigheter.se\\\/#organization\"},\"potentialAction\":[{\"@type\":\"SearchAction\",\"target\":{\"@type\":\"EntryPoint\",\"urlTemplate\":\"https:\\\/\\\/www.opfastigheter.se\\\/?s={search_term_string}\"},\"query-input\":{\"@type\":\"PropertyValueSpecification\",\"valueRequired\":true,\"valueName\":\"search_term_string\"}}],\"inLanguage\":\"en-US\"},{\"@type\":\"Organization\",\"@id\":\"https:\\\/\\\/www.opfastigheter.se\\\/#organization\",\"name\":\"OP Fastigheter\",\"url\":\"https:\\\/\\\/www.opfastigheter.se\\\/\",\"logo\":{\"@type\":\"ImageObject\",\"inLanguage\":\"en-US\",\"@id\":\"https:\\\/\\\/www.opfastigheter.se\\\/#\\\/schema\\\/logo\\\/image\\\/\",\"url\":\"https:\\\/\\\/www.opfastigheter.se\\\/wp-content\\\/uploads\\\/2022\\\/08\\\/cropped-logo-1.jpg\",\"contentUrl\":\"https:\\\/\\\/www.opfastigheter.se\\\/wp-content\\\/uploads\\\/2022\\\/08\\\/cropped-logo-1.jpg\",\"width\":512,\"height\":512,\"caption\":\"OP Fastigheter\"},\"image\":{\"@id\":\"https:\\\/\\\/www.opfastigheter.se\\\/#\\\/schema\\\/logo\\\/image\\\/\"},\"sameAs\":[\"https:\\\/\\\/www.facebook.com\\\/profile.php?id=61556535413722\",\"https:\\\/\\\/www.instagram.com\\\/opfastigheter\"]}]}<\/script>\n<!-- \/ Yoast SEO plugin. -->","yoast_head_json":{"title":"Welcome tenant - OP Fastigheter","description":"OP Fastigheter erbjuder hyresbost\u00e4der och hyresr\u00e4tter i \u00d6rebro samt lokaler i G\u00f6teborg och Lysekil. Hitta din n\u00e4sta bostad med v\u00e5r professionella f\u00f6rvaltning!","robots":{"index":"index","follow":"follow","max-snippet":"max-snippet:-1","max-image-preview":"max-image-preview:large","max-video-preview":"max-video-preview:-1"},"canonical":"https:\/\/www.opfastigheter.se\/en\/welcome-tenant\/","og_locale":"en_US","og_type":"article","og_title":"Welcome tenant - OP Fastigheter","og_description":"OP Fastigheter erbjuder hyresbost\u00e4der och hyresr\u00e4tter i \u00d6rebro samt lokaler i G\u00f6teborg och Lysekil. Hitta din n\u00e4sta bostad med v\u00e5r professionella f\u00f6rvaltning!","og_url":"https:\/\/www.opfastigheter.se\/en\/welcome-tenant\/","og_site_name":"OP Fastigheter","article_publisher":"https:\/\/www.facebook.com\/profile.php?id=61556535413722","article_modified_time":"2023-06-27T14:38:44+00:00","og_image":[{"url":"https:\/\/www.opfastigheter.se\/wp-content\/uploads\/2023\/04\/nyinflyttat-par.jpg","type":"","width":"","height":""}],"twitter_card":"summary_large_image","twitter_misc":{"Est. reading time":"1 minute"},"schema":{"@context":"https:\/\/schema.org","@graph":[{"@type":"WebPage","@id":"https:\/\/www.opfastigheter.se\/en\/welcome-tenant\/","url":"https:\/\/www.opfastigheter.se\/en\/welcome-tenant\/","name":"Welcome tenant - OP Fastigheter","isPartOf":{"@id":"https:\/\/www.opfastigheter.se\/#website"},"primaryImageOfPage":{"@id":"https:\/\/www.opfastigheter.se\/en\/welcome-tenant\/#primaryimage"},"image":{"@id":"https:\/\/www.opfastigheter.se\/en\/welcome-tenant\/#primaryimage"},"thumbnailUrl":"https:\/\/www.opfastigheter.se\/wp-content\/uploads\/2023\/04\/nyinflyttat-par.jpg","datePublished":"2022-09-12T09:35:09+00:00","dateModified":"2023-06-27T14:38:44+00:00","description":"OP Fastigheter erbjuder hyresbost\u00e4der och hyresr\u00e4tter i \u00d6rebro samt lokaler i G\u00f6teborg och Lysekil. Hitta din n\u00e4sta bostad med v\u00e5r professionella f\u00f6rvaltning!","breadcrumb":{"@id":"https:\/\/www.opfastigheter.se\/en\/welcome-tenant\/#breadcrumb"},"inLanguage":"en-US","potentialAction":[{"@type":"ReadAction","target":["https:\/\/www.opfastigheter.se\/en\/welcome-tenant\/"]}]},{"@type":"ImageObject","inLanguage":"en-US","@id":"https:\/\/www.opfastigheter.se\/en\/welcome-tenant\/#primaryimage","url":"https:\/\/www.opfastigheter.se\/wp-content\/uploads\/2023\/04\/nyinflyttat-par.jpg","contentUrl":"https:\/\/www.opfastigheter.se\/wp-content\/uploads\/2023\/04\/nyinflyttat-par.jpg"},{"@type":"BreadcrumbList","@id":"https:\/\/www.opfastigheter.se\/en\/welcome-tenant\/#breadcrumb","itemListElement":[{"@type":"ListItem","position":1,"name":"Hem","item":"https:\/\/www.opfastigheter.se\/en\/"},{"@type":"ListItem","position":2,"name":"Welcome tenant"}]},{"@type":"WebSite","@id":"https:\/\/www.opfastigheter.se\/#website","url":"https:\/\/www.opfastigheter.se\/","name":"OP Fastigheter","description":"OP Fastigheter \u00e4ger och f\u00f6rvaltar \u00f6ver 50 000 kvm bost\u00e4der, kontor och lokaler. Huvuddelen av fastigheterna och verksamheten finns i \u00d6rebro","publisher":{"@id":"https:\/\/www.opfastigheter.se\/#organization"},"potentialAction":[{"@type":"SearchAction","target":{"@type":"EntryPoint","urlTemplate":"https:\/\/www.opfastigheter.se\/?s={search_term_string}"},"query-input":{"@type":"PropertyValueSpecification","valueRequired":true,"valueName":"search_term_string"}}],"inLanguage":"en-US"},{"@type":"Organization","@id":"https:\/\/www.opfastigheter.se\/#organization","name":"OP Fastigheter","url":"https:\/\/www.opfastigheter.se\/","logo":{"@type":"ImageObject","inLanguage":"en-US","@id":"https:\/\/www.opfastigheter.se\/#\/schema\/logo\/image\/","url":"https:\/\/www.opfastigheter.se\/wp-content\/uploads\/2022\/08\/cropped-logo-1.jpg","contentUrl":"https:\/\/www.opfastigheter.se\/wp-content\/uploads\/2022\/08\/cropped-logo-1.jpg","width":512,"height":512,"caption":"OP Fastigheter"},"image":{"@id":"https:\/\/www.opfastigheter.se\/#\/schema\/logo\/image\/"},"sameAs":["https:\/\/www.facebook.com\/profile.php?id=61556535413722","https:\/\/www.instagram.com\/opfastigheter"]}]}},"_links":{"self":[{"href":"https:\/\/www.opfastigheter.se\/en\/wp-json\/wp\/v2\/pages\/3487","targetHints":{"allow":["GET"]}}],"collection":[{"href":"https:\/\/www.opfastigheter.se\/en\/wp-json\/wp\/v2\/pages"}],"about":[{"href":"https:\/\/www.opfastigheter.se\/en\/wp-json\/wp\/v2\/types\/page"}],"author":[{"embeddable":true,"href":"https:\/\/www.opfastigheter.se\/en\/wp-json\/wp\/v2\/users\/1"}],"replies":[{"embeddable":true,"href":"https:\/\/www.opfastigheter.se\/en\/wp-json\/wp\/v2\/comments?post=3487"}],"version-history":[{"count":2,"href":"https:\/\/www.opfastigheter.se\/en\/wp-json\/wp\/v2\/pages\/3487\/revisions"}],"predecessor-version":[{"id":3499,"href":"https:\/\/www.opfastigheter.se\/en\/wp-json\/wp\/v2\/pages\/3487\/revisions\/3499"}],"wp:attachment":[{"href":"https:\/\/www.opfastigheter.se\/en\/wp-json\/wp\/v2\/media?parent=3487"}],"curies":[{"name":"wp","href":"https:\/\/api.w.org\/{rel}","templated":true}]}}