{"id":3484,"date":"2022-09-12T11:58:21","date_gmt":"2022-09-12T09:58:21","guid":{"rendered":"https:\/\/www.opfastigheter.se\/day\/"},"modified":"2025-09-10T10:25:28","modified_gmt":"2025-09-10T08:25:28","slug":"day","status":"publish","type":"page","link":"https:\/\/www.opfastigheter.se\/en\/day\/","title":{"rendered":"Day"},"content":{"rendered":"\t\t<div data-elementor-type=\"wp-page\" data-elementor-id=\"3484\" class=\"elementor elementor-3484 elementor-2301\" data-elementor-settings=\"{&quot;ha_cmc_init_switcher&quot;:&quot;no&quot;}\" data-elementor-post-type=\"page\">\n\t\t\t\t\t\t<section class=\"elementor-section elementor-top-section elementor-element elementor-element-2c0d582f elementor-section-content-middle elementor-section-height-min-height elementor-section-boxed elementor-section-height-default elementor-section-items-middle\" data-id=\"2c0d582f\" data-element_type=\"section\" data-e-type=\"section\" data-settings=\"{&quot;background_background&quot;:&quot;classic&quot;,&quot;_ha_eqh_enable&quot;:false}\">\n\t\t\t\t\t\t\t<div class=\"elementor-background-overlay\"><\/div>\n\t\t\t\t\t\t\t<div class=\"elementor-container elementor-column-gap-default\">\n\t\t\t\t\t<div class=\"elementor-column elementor-col-66 elementor-top-column elementor-element elementor-element-646aec36\" data-id=\"646aec36\" data-element_type=\"column\" data-e-type=\"column\">\n\t\t\t<div class=\"elementor-widget-wrap elementor-element-populated\">\n\t\t\t\t\t\t<div class=\"elementor-element elementor-element-93e5b95 elementor-widget elementor-widget-heading\" data-id=\"93e5b95\" data-element_type=\"widget\" data-e-type=\"widget\" data-widget_type=\"heading.default\">\n\t\t\t\t<div class=\"elementor-widget-container\">\n\t\t\t\t\t<h1 class=\"elementor-heading-title elementor-size-default\">Emergency Service<\/h1>\t\t\t\t<\/div>\n\t\t\t\t<\/div>\n\t\t\t\t<div class=\"elementor-element elementor-element-cadfa5e elementor-widget-divider--view-line elementor-invisible elementor-widget elementor-widget-divider\" data-id=\"cadfa5e\" data-element_type=\"widget\" data-e-type=\"widget\" data-settings=\"{&quot;_animation&quot;:&quot;fadeIn&quot;,&quot;_animation_delay&quot;:300}\" data-widget_type=\"divider.default\">\n\t\t\t\t<div class=\"elementor-widget-container\">\n\t\t\t\t\t\t\t<div class=\"elementor-divider\">\n\t\t\t<span class=\"elementor-divider-separator\">\n\t\t\t\t\t\t<\/span>\n\t\t<\/div>\n\t\t\t\t\t\t<\/div>\n\t\t\t\t<\/div>\n\t\t\t\t<div class=\"elementor-element elementor-element-ba4d7d7 elementor-widget elementor-widget-text-editor\" data-id=\"ba4d7d7\" data-element_type=\"widget\" data-e-type=\"widget\" data-settings=\"{&quot;_animation&quot;:&quot;none&quot;}\" data-widget_type=\"text-editor.default\">\n\t\t\t\t<div class=\"elementor-widget-container\">\n\t\t\t\t\t\t\t\t\t<p>In the evenings and at weekends, you can reach our real estate hotline <strong>CSG <\/strong>(019-26 40 50) for urgent matters after our office hours (which absolutely cannot wait until the next weekday).<br>The on-call staff hold the master keys to all our properties.<\/p>\t\t\t\t\t\t\t\t<\/div>\n\t\t\t\t<\/div>\n\t\t\t\t\t<\/div>\n\t\t<\/div>\n\t\t\t\t<div class=\"elementor-column elementor-col-33 elementor-top-column elementor-element elementor-element-6a4bfcd2\" data-id=\"6a4bfcd2\" data-element_type=\"column\" data-e-type=\"column\">\n\t\t\t<div class=\"elementor-widget-wrap elementor-element-populated\">\n\t\t\t\t\t\t<div class=\"elementor-element elementor-element-a921cce elementor-tablet-align-center elementor-mobile-align-center elementor-widget__width-auto elementor-widget-tablet__width-inherit elementor-widget-mobile__width-inherit elementor-invisible elementor-widget elementor-widget-button\" data-id=\"a921cce\" data-element_type=\"widget\" data-e-type=\"widget\" data-settings=\"{&quot;_animation&quot;:&quot;fadeInDown&quot;}\" data-widget_type=\"button.default\">\n\t\t\t\t<div class=\"elementor-widget-container\">\n\t\t\t\t\t\t\t\t\t<div class=\"elementor-button-wrapper\">\n\t\t\t\t\t<a class=\"elementor-button elementor-button-link elementor-size-sm elementor-animation-grow\" href=\"tel:019264050\">\n\t\t\t\t\t\t<span class=\"elementor-button-content-wrapper\">\n\t\t\t\t\t\t\t\t\t<span class=\"elementor-button-text\">Call us<\/span>\n\t\t\t\t\t<\/span>\n\t\t\t\t\t<\/a>\n\t\t\t\t<\/div>\n\t\t\t\t\t\t\t\t<\/div>\n\t\t\t\t<\/div>\n\t\t\t\t\t<\/div>\n\t\t<\/div>\n\t\t\t\t\t<\/div>\n\t\t<\/section>\n\t\t\t\t<\/div>\n\t\t","protected":false},"excerpt":{"rendered":"<p>Emergency Service In the evenings and at weekends, you can reach our real estate hotline CSG (019-26 40 50) for urgent matters after our office hours (which absolutely cannot wait until the next weekday).The on-call staff hold the master keys to all our properties. Call us<\/p>\n","protected":false},"author":1,"featured_media":0,"parent":0,"menu_order":0,"comment_status":"closed","ping_status":"closed","template":"","meta":{"site-sidebar-layout":"no-sidebar","site-content-layout":"page-builder","ast-site-content-layout":"default","site-content-style":"default","site-sidebar-style":"default","ast-global-header-display":"","ast-banner-title-visibility":"","ast-main-header-display":"","ast-hfb-above-header-display":"","ast-hfb-below-header-display":"","ast-hfb-mobile-header-display":"","site-post-title":"disabled","ast-breadcrumbs-content":"","ast-featured-img":"disabled","footer-sml-layout":"","ast-disable-related-posts":"","theme-transparent-header-meta":"default","adv-header-id-meta":"","stick-header-meta":"","header-above-stick-meta":"","header-main-stick-meta":"","header-below-stick-meta":"","astra-migrate-meta-layouts":"default","ast-page-background-enabled":"default","ast-page-background-meta":{"desktop":{"background-color":"","background-image":"","background-repeat":"repeat","background-position":"center center","background-size":"auto","background-attachment":"scroll","background-type":"","background-media":"","overlay-type":"","overlay-color":"","overlay-opacity":"","overlay-gradient":""},"tablet":{"background-color":"","background-image":"","background-repeat":"repeat","background-position":"center center","background-size":"auto","background-attachment":"scroll","background-type":"","background-media":"","overlay-type":"","overlay-color":"","overlay-opacity":"","overlay-gradient":""},"mobile":{"background-color":"","background-image":"","background-repeat":"repeat","background-position":"center center","background-size":"auto","background-attachment":"scroll","background-type":"","background-media":"","overlay-type":"","overlay-color":"","overlay-opacity":"","overlay-gradient":""}},"ast-content-background-meta":{"desktop":{"background-color":"var(--ast-global-color-5)","background-image":"","background-repeat":"repeat","background-position":"center center","background-size":"auto","background-attachment":"scroll","background-type":"","background-media":"","overlay-type":"","overlay-color":"","overlay-opacity":"","overlay-gradient":""},"tablet":{"background-color":"var(--ast-global-color-5)","background-image":"","background-repeat":"repeat","background-position":"center center","background-size":"auto","background-attachment":"scroll","background-type":"","background-media":"","overlay-type":"","overlay-color":"","overlay-opacity":"","overlay-gradient":""},"mobile":{"background-color":"var(--ast-global-color-5)","background-image":"","background-repeat":"repeat","background-position":"center center","background-size":"auto","background-attachment":"scroll","background-type":"","background-media":"","overlay-type":"","overlay-color":"","overlay-opacity":"","overlay-gradient":""}},"footnotes":""},"class_list":["post-3484","page","type-page","status-publish","hentry"],"yoast_head":"<!-- This site is optimized with the Yoast SEO plugin v27.3 - https:\/\/yoast.com\/product\/yoast-seo-wordpress\/ -->\n<title>Day - OP Fastigheter<\/title>\n<meta name=\"description\" content=\"OP Fastigheter erbjuder hyresbost\u00e4der och hyresr\u00e4tter i \u00d6rebro samt lokaler i G\u00f6teborg och Lysekil. Hitta din n\u00e4sta bostad med v\u00e5r professionella f\u00f6rvaltning!\" \/>\n<meta name=\"robots\" content=\"index, follow, max-snippet:-1, max-image-preview:large, max-video-preview:-1\" \/>\n<link rel=\"canonical\" href=\"https:\/\/www.opfastigheter.se\/en\/day\/\" \/>\n<meta property=\"og:locale\" content=\"en_US\" \/>\n<meta property=\"og:type\" content=\"article\" \/>\n<meta property=\"og:title\" content=\"Day - OP Fastigheter\" \/>\n<meta property=\"og:description\" content=\"OP Fastigheter erbjuder hyresbost\u00e4der och hyresr\u00e4tter i \u00d6rebro samt lokaler i G\u00f6teborg och Lysekil. Hitta din n\u00e4sta bostad med v\u00e5r professionella f\u00f6rvaltning!\" \/>\n<meta property=\"og:url\" content=\"https:\/\/www.opfastigheter.se\/en\/day\/\" \/>\n<meta property=\"og:site_name\" content=\"OP Fastigheter\" \/>\n<meta property=\"article:publisher\" content=\"https:\/\/www.facebook.com\/profile.php?id=61556535413722\" \/>\n<meta property=\"article:modified_time\" content=\"2025-09-10T08:25:28+00:00\" \/>\n<meta name=\"twitter:card\" content=\"summary_large_image\" \/>\n<meta name=\"twitter:label1\" content=\"Est. reading time\" \/>\n\t<meta name=\"twitter:data1\" content=\"1 minute\" \/>\n<script type=\"application\/ld+json\" class=\"yoast-schema-graph\">{\"@context\":\"https:\\\/\\\/schema.org\",\"@graph\":[{\"@type\":\"WebPage\",\"@id\":\"https:\\\/\\\/www.opfastigheter.se\\\/en\\\/day\\\/\",\"url\":\"https:\\\/\\\/www.opfastigheter.se\\\/en\\\/day\\\/\",\"name\":\"Day - OP Fastigheter\",\"isPartOf\":{\"@id\":\"https:\\\/\\\/www.opfastigheter.se\\\/#website\"},\"datePublished\":\"2022-09-12T09:58:21+00:00\",\"dateModified\":\"2025-09-10T08:25:28+00:00\",\"description\":\"OP Fastigheter erbjuder hyresbost\u00e4der och hyresr\u00e4tter i \u00d6rebro samt lokaler i G\u00f6teborg och Lysekil. Hitta din n\u00e4sta bostad med v\u00e5r professionella f\u00f6rvaltning!\",\"breadcrumb\":{\"@id\":\"https:\\\/\\\/www.opfastigheter.se\\\/en\\\/day\\\/#breadcrumb\"},\"inLanguage\":\"en-US\",\"potentialAction\":[{\"@type\":\"ReadAction\",\"target\":[\"https:\\\/\\\/www.opfastigheter.se\\\/en\\\/day\\\/\"]}]},{\"@type\":\"BreadcrumbList\",\"@id\":\"https:\\\/\\\/www.opfastigheter.se\\\/en\\\/day\\\/#breadcrumb\",\"itemListElement\":[{\"@type\":\"ListItem\",\"position\":1,\"name\":\"Hem\",\"item\":\"https:\\\/\\\/www.opfastigheter.se\\\/en\\\/\"},{\"@type\":\"ListItem\",\"position\":2,\"name\":\"Day\"}]},{\"@type\":\"WebSite\",\"@id\":\"https:\\\/\\\/www.opfastigheter.se\\\/#website\",\"url\":\"https:\\\/\\\/www.opfastigheter.se\\\/\",\"name\":\"OP Fastigheter\",\"description\":\"OP Fastigheter \u00e4ger och f\u00f6rvaltar \u00f6ver 50 000 kvm bost\u00e4der, kontor och lokaler. Huvuddelen av fastigheterna och verksamheten finns i \u00d6rebro\",\"publisher\":{\"@id\":\"https:\\\/\\\/www.opfastigheter.se\\\/#organization\"},\"potentialAction\":[{\"@type\":\"SearchAction\",\"target\":{\"@type\":\"EntryPoint\",\"urlTemplate\":\"https:\\\/\\\/www.opfastigheter.se\\\/?s={search_term_string}\"},\"query-input\":{\"@type\":\"PropertyValueSpecification\",\"valueRequired\":true,\"valueName\":\"search_term_string\"}}],\"inLanguage\":\"en-US\"},{\"@type\":\"Organization\",\"@id\":\"https:\\\/\\\/www.opfastigheter.se\\\/#organization\",\"name\":\"OP Fastigheter\",\"url\":\"https:\\\/\\\/www.opfastigheter.se\\\/\",\"logo\":{\"@type\":\"ImageObject\",\"inLanguage\":\"en-US\",\"@id\":\"https:\\\/\\\/www.opfastigheter.se\\\/#\\\/schema\\\/logo\\\/image\\\/\",\"url\":\"https:\\\/\\\/www.opfastigheter.se\\\/wp-content\\\/uploads\\\/2022\\\/08\\\/cropped-logo-1.jpg\",\"contentUrl\":\"https:\\\/\\\/www.opfastigheter.se\\\/wp-content\\\/uploads\\\/2022\\\/08\\\/cropped-logo-1.jpg\",\"width\":512,\"height\":512,\"caption\":\"OP Fastigheter\"},\"image\":{\"@id\":\"https:\\\/\\\/www.opfastigheter.se\\\/#\\\/schema\\\/logo\\\/image\\\/\"},\"sameAs\":[\"https:\\\/\\\/www.facebook.com\\\/profile.php?id=61556535413722\",\"https:\\\/\\\/www.instagram.com\\\/opfastigheter\"]}]}<\/script>\n<!-- \/ Yoast SEO plugin. -->","yoast_head_json":{"title":"Day - OP Fastigheter","description":"OP Fastigheter erbjuder hyresbost\u00e4der och hyresr\u00e4tter i \u00d6rebro samt lokaler i G\u00f6teborg och Lysekil. Hitta din n\u00e4sta bostad med v\u00e5r professionella f\u00f6rvaltning!","robots":{"index":"index","follow":"follow","max-snippet":"max-snippet:-1","max-image-preview":"max-image-preview:large","max-video-preview":"max-video-preview:-1"},"canonical":"https:\/\/www.opfastigheter.se\/en\/day\/","og_locale":"en_US","og_type":"article","og_title":"Day - OP Fastigheter","og_description":"OP Fastigheter erbjuder hyresbost\u00e4der och hyresr\u00e4tter i \u00d6rebro samt lokaler i G\u00f6teborg och Lysekil. Hitta din n\u00e4sta bostad med v\u00e5r professionella f\u00f6rvaltning!","og_url":"https:\/\/www.opfastigheter.se\/en\/day\/","og_site_name":"OP Fastigheter","article_publisher":"https:\/\/www.facebook.com\/profile.php?id=61556535413722","article_modified_time":"2025-09-10T08:25:28+00:00","twitter_card":"summary_large_image","twitter_misc":{"Est. reading time":"1 minute"},"schema":{"@context":"https:\/\/schema.org","@graph":[{"@type":"WebPage","@id":"https:\/\/www.opfastigheter.se\/en\/day\/","url":"https:\/\/www.opfastigheter.se\/en\/day\/","name":"Day - OP Fastigheter","isPartOf":{"@id":"https:\/\/www.opfastigheter.se\/#website"},"datePublished":"2022-09-12T09:58:21+00:00","dateModified":"2025-09-10T08:25:28+00:00","description":"OP Fastigheter erbjuder hyresbost\u00e4der och hyresr\u00e4tter i \u00d6rebro samt lokaler i G\u00f6teborg och Lysekil. Hitta din n\u00e4sta bostad med v\u00e5r professionella f\u00f6rvaltning!","breadcrumb":{"@id":"https:\/\/www.opfastigheter.se\/en\/day\/#breadcrumb"},"inLanguage":"en-US","potentialAction":[{"@type":"ReadAction","target":["https:\/\/www.opfastigheter.se\/en\/day\/"]}]},{"@type":"BreadcrumbList","@id":"https:\/\/www.opfastigheter.se\/en\/day\/#breadcrumb","itemListElement":[{"@type":"ListItem","position":1,"name":"Hem","item":"https:\/\/www.opfastigheter.se\/en\/"},{"@type":"ListItem","position":2,"name":"Day"}]},{"@type":"WebSite","@id":"https:\/\/www.opfastigheter.se\/#website","url":"https:\/\/www.opfastigheter.se\/","name":"OP Fastigheter","description":"OP Fastigheter \u00e4ger och f\u00f6rvaltar \u00f6ver 50 000 kvm bost\u00e4der, kontor och lokaler. Huvuddelen av fastigheterna och verksamheten finns i \u00d6rebro","publisher":{"@id":"https:\/\/www.opfastigheter.se\/#organization"},"potentialAction":[{"@type":"SearchAction","target":{"@type":"EntryPoint","urlTemplate":"https:\/\/www.opfastigheter.se\/?s={search_term_string}"},"query-input":{"@type":"PropertyValueSpecification","valueRequired":true,"valueName":"search_term_string"}}],"inLanguage":"en-US"},{"@type":"Organization","@id":"https:\/\/www.opfastigheter.se\/#organization","name":"OP Fastigheter","url":"https:\/\/www.opfastigheter.se\/","logo":{"@type":"ImageObject","inLanguage":"en-US","@id":"https:\/\/www.opfastigheter.se\/#\/schema\/logo\/image\/","url":"https:\/\/www.opfastigheter.se\/wp-content\/uploads\/2022\/08\/cropped-logo-1.jpg","contentUrl":"https:\/\/www.opfastigheter.se\/wp-content\/uploads\/2022\/08\/cropped-logo-1.jpg","width":512,"height":512,"caption":"OP Fastigheter"},"image":{"@id":"https:\/\/www.opfastigheter.se\/#\/schema\/logo\/image\/"},"sameAs":["https:\/\/www.facebook.com\/profile.php?id=61556535413722","https:\/\/www.instagram.com\/opfastigheter"]}]}},"_links":{"self":[{"href":"https:\/\/www.opfastigheter.se\/en\/wp-json\/wp\/v2\/pages\/3484","targetHints":{"allow":["GET"]}}],"collection":[{"href":"https:\/\/www.opfastigheter.se\/en\/wp-json\/wp\/v2\/pages"}],"about":[{"href":"https:\/\/www.opfastigheter.se\/en\/wp-json\/wp\/v2\/types\/page"}],"author":[{"embeddable":true,"href":"https:\/\/www.opfastigheter.se\/en\/wp-json\/wp\/v2\/users\/1"}],"replies":[{"embeddable":true,"href":"https:\/\/www.opfastigheter.se\/en\/wp-json\/wp\/v2\/comments?post=3484"}],"version-history":[{"count":5,"href":"https:\/\/www.opfastigheter.se\/en\/wp-json\/wp\/v2\/pages\/3484\/revisions"}],"predecessor-version":[{"id":5943,"href":"https:\/\/www.opfastigheter.se\/en\/wp-json\/wp\/v2\/pages\/3484\/revisions\/5943"}],"wp:attachment":[{"href":"https:\/\/www.opfastigheter.se\/en\/wp-json\/wp\/v2\/media?parent=3484"}],"curies":[{"name":"wp","href":"https:\/\/api.w.org\/{rel}","templated":true}]}}