{"id":3482,"date":"2022-08-22T13:55:21","date_gmt":"2022-08-22T13:55:21","guid":{"rendered":"https:\/\/www.opfastigheter.se\/about-us\/"},"modified":"2023-07-05T18:24:24","modified_gmt":"2023-07-05T18:24:24","slug":"about-us","status":"publish","type":"page","link":"https:\/\/www.opfastigheter.se\/en\/about-us\/","title":{"rendered":"About us"},"content":{"rendered":"\t\t<div data-elementor-type=\"wp-page\" data-elementor-id=\"3482\" class=\"elementor elementor-3482 elementor-2064\" data-elementor-settings=\"{&quot;ha_cmc_init_switcher&quot;:&quot;no&quot;}\" data-elementor-post-type=\"page\">\n\t\t\t\t\t\t<section class=\"elementor-section elementor-top-section elementor-element elementor-element-b2bf18a elementor-section-height-min-height elementor-section-boxed elementor-section-height-default elementor-section-items-middle\" data-id=\"b2bf18a\" data-element_type=\"section\" data-e-type=\"section\" data-settings=\"{&quot;background_background&quot;:&quot;classic&quot;,&quot;_ha_eqh_enable&quot;:false}\">\n\t\t\t\t\t\t\t<div class=\"elementor-background-overlay\"><\/div>\n\t\t\t\t\t\t\t<div class=\"elementor-container elementor-column-gap-wider\">\n\t\t\t\t\t<div class=\"elementor-column elementor-col-100 elementor-top-column elementor-element elementor-element-4b82f9e\" data-id=\"4b82f9e\" data-element_type=\"column\" data-e-type=\"column\" data-settings=\"{&quot;background_background&quot;:&quot;classic&quot;}\">\n\t\t\t<div class=\"elementor-widget-wrap elementor-element-populated\">\n\t\t\t\t\t\t<div class=\"elementor-element elementor-element-20a0623 elementor-widget elementor-widget-heading\" data-id=\"20a0623\" data-element_type=\"widget\" data-e-type=\"widget\" data-widget_type=\"heading.default\">\n\t\t\t\t<div class=\"elementor-widget-container\">\n\t\t\t\t\t<h1 class=\"elementor-heading-title elementor-size-default\">About us<\/h1>\t\t\t\t<\/div>\n\t\t\t\t<\/div>\n\t\t\t\t\t<\/div>\n\t\t<\/div>\n\t\t\t\t\t<\/div>\n\t\t<\/section>\n\t\t\t\t<section class=\"elementor-section elementor-top-section elementor-element elementor-element-7dca14a3 elementor-reverse-tablet elementor-reverse-mobile elementor-section-boxed elementor-section-height-default elementor-section-height-default\" data-id=\"7dca14a3\" data-element_type=\"section\" data-e-type=\"section\" data-settings=\"{&quot;background_background&quot;:&quot;classic&quot;,&quot;_ha_eqh_enable&quot;:false}\">\n\t\t\t\t\t\t<div class=\"elementor-container elementor-column-gap-default\">\n\t\t\t\t\t<div class=\"elementor-column elementor-col-50 elementor-top-column elementor-element elementor-element-7b1459fd\" data-id=\"7b1459fd\" data-element_type=\"column\" data-e-type=\"column\" data-settings=\"{&quot;background_background&quot;:&quot;classic&quot;}\">\n\t\t\t<div class=\"elementor-widget-wrap elementor-element-populated\">\n\t\t\t\t\t\t<div class=\"elementor-element elementor-element-6dc1255c elementor-widget elementor-widget-image\" data-id=\"6dc1255c\" data-element_type=\"widget\" data-e-type=\"widget\" data-widget_type=\"image.default\">\n\t\t\t\t<div class=\"elementor-widget-container\">\n\t\t\t\t\t\t\t\t\t\t\t\t\t\t\t<img fetchpriority=\"high\" decoding=\"async\" width=\"800\" height=\"533\" src=\"https:\/\/www.opfastigheter.se\/wp-content\/uploads\/2023\/04\/orebro-slott.jpg\" class=\"attachment-large size-large wp-image-3434\" alt=\"\" srcset=\"https:\/\/www.opfastigheter.se\/wp-content\/uploads\/2023\/04\/orebro-slott.jpg 800w, https:\/\/www.opfastigheter.se\/wp-content\/uploads\/2023\/04\/orebro-slott-300x200.jpg 300w, https:\/\/www.opfastigheter.se\/wp-content\/uploads\/2023\/04\/orebro-slott-768x512.jpg 768w\" sizes=\"(max-width: 800px) 100vw, 800px\" \/>\t\t\t\t\t\t\t\t\t\t\t\t\t\t\t<\/div>\n\t\t\t\t<\/div>\n\t\t\t\t\t<\/div>\n\t\t<\/div>\n\t\t\t\t<div class=\"elementor-column elementor-col-50 elementor-top-column elementor-element elementor-element-52a0377e\" data-id=\"52a0377e\" data-element_type=\"column\" data-e-type=\"column\">\n\t\t\t<div class=\"elementor-widget-wrap elementor-element-populated\">\n\t\t\t\t\t\t<div class=\"elementor-element elementor-element-1d46a418 elementor-widget__width-auto elementor-invisible elementor-widget elementor-widget-heading\" data-id=\"1d46a418\" data-element_type=\"widget\" data-e-type=\"widget\" data-settings=\"{&quot;_animation&quot;:&quot;fadeInDown&quot;}\" data-widget_type=\"heading.default\">\n\t\t\t\t<div class=\"elementor-widget-container\">\n\t\t\t\t\t<div class=\"elementor-heading-title elementor-size-default\">OP Fastigheter<\/div>\t\t\t\t<\/div>\n\t\t\t\t<\/div>\n\t\t\t\t<div class=\"elementor-element elementor-element-56cdd6ab elementor-widget elementor-widget-heading\" data-id=\"56cdd6ab\" data-element_type=\"widget\" data-e-type=\"widget\" data-settings=\"{&quot;_animation&quot;:&quot;none&quot;}\" data-widget_type=\"heading.default\">\n\t\t\t\t<div class=\"elementor-widget-container\">\n\t\t\t\t\t<h2 class=\"elementor-heading-title elementor-size-default\">OP Fastigheter owns and manages over 70,000 square meters of residential, office and retail space.<\/h2>\t\t\t\t<\/div>\n\t\t\t\t<\/div>\n\t\t\t\t<div class=\"elementor-element elementor-element-7650cf04 elementor-widget elementor-widget-text-editor\" data-id=\"7650cf04\" data-element_type=\"widget\" data-e-type=\"widget\" data-settings=\"{&quot;_animation&quot;:&quot;none&quot;}\" data-widget_type=\"text-editor.default\">\n\t\t\t\t<div class=\"elementor-widget-container\">\n\t\t\t\t\t\t\t\t\t<p>Most of the properties and operations are located in \u00d6rebro, but we also manage properties in Gothenburg and Lysekil.<\/p>\n<p>The family business OP Fastigheter was founded in the 1960s by Olle Pettersson and has been run by the second generation since the mid-1990s.<\/p>\n<p>The company&#8217;s goal is to manage and improve its property portfolio in the long term to create security for both tenants and future generations of managers.<\/p>\n\t\t\t\t\t\t\t\t<\/div>\n\t\t\t\t<\/div>\n\t\t\t\t<div class=\"elementor-element elementor-element-1c95d580 elementor-widget__width-auto elementor-invisible elementor-widget elementor-widget-button\" data-id=\"1c95d580\" data-element_type=\"widget\" data-e-type=\"widget\" data-settings=\"{&quot;_animation&quot;:&quot;fadeInDown&quot;}\" data-widget_type=\"button.default\">\n\t\t\t\t<div class=\"elementor-widget-container\">\n\t\t\t\t\t\t\t\t\t<div class=\"elementor-button-wrapper\">\n\t\t\t\t\t<a class=\"elementor-button elementor-button-link elementor-size-sm elementor-animation-grow\" href=\"https:\/\/www.opfastigheter.se\/kontakt\/\">\n\t\t\t\t\t\t<span class=\"elementor-button-content-wrapper\">\n\t\t\t\t\t\t\t\t\t<span class=\"elementor-button-text\">Contact us<\/span>\n\t\t\t\t\t<\/span>\n\t\t\t\t\t<\/a>\n\t\t\t\t<\/div>\n\t\t\t\t\t\t\t\t<\/div>\n\t\t\t\t<\/div>\n\t\t\t\t\t<\/div>\n\t\t<\/div>\n\t\t\t\t\t<\/div>\n\t\t<\/section>\n\t\t\t\t<\/div>\n\t\t","protected":false},"excerpt":{"rendered":"<p>About us OP Fastigheter OP Fastigheter owns and manages over 70,000 square meters of residential, office and retail space. Most of the properties and operations are located in \u00d6rebro, but we also manage properties in Gothenburg and Lysekil. The family business OP Fastigheter was founded in the 1960s by Olle Pettersson and has been run [&hellip;]<\/p>\n","protected":false},"author":1,"featured_media":0,"parent":0,"menu_order":0,"comment_status":"closed","ping_status":"closed","template":"","meta":{"site-sidebar-layout":"no-sidebar","site-content-layout":"page-builder","ast-site-content-layout":"default","site-content-style":"default","site-sidebar-style":"default","ast-global-header-display":"","ast-banner-title-visibility":"","ast-main-header-display":"","ast-hfb-above-header-display":"","ast-hfb-below-header-display":"","ast-hfb-mobile-header-display":"","site-post-title":"disabled","ast-breadcrumbs-content":"","ast-featured-img":"disabled","footer-sml-layout":"","ast-disable-related-posts":"","theme-transparent-header-meta":"default","adv-header-id-meta":"","stick-header-meta":"","header-above-stick-meta":"","header-main-stick-meta":"","header-below-stick-meta":"","astra-migrate-meta-layouts":"default","ast-page-background-enabled":"default","ast-page-background-meta":{"desktop":{"background-color":"","background-image":"","background-repeat":"repeat","background-position":"center center","background-size":"auto","background-attachment":"scroll","background-type":"","background-media":"","overlay-type":"","overlay-color":"","overlay-opacity":"","overlay-gradient":""},"tablet":{"background-color":"","background-image":"","background-repeat":"repeat","background-position":"center center","background-size":"auto","background-attachment":"scroll","background-type":"","background-media":"","overlay-type":"","overlay-color":"","overlay-opacity":"","overlay-gradient":""},"mobile":{"background-color":"","background-image":"","background-repeat":"repeat","background-position":"center center","background-size":"auto","background-attachment":"scroll","background-type":"","background-media":"","overlay-type":"","overlay-color":"","overlay-opacity":"","overlay-gradient":""}},"ast-content-background-meta":{"desktop":{"background-color":"var(--ast-global-color-5)","background-image":"","background-repeat":"repeat","background-position":"center center","background-size":"auto","background-attachment":"scroll","background-type":"","background-media":"","overlay-type":"","overlay-color":"","overlay-opacity":"","overlay-gradient":""},"tablet":{"background-color":"var(--ast-global-color-5)","background-image":"","background-repeat":"repeat","background-position":"center center","background-size":"auto","background-attachment":"scroll","background-type":"","background-media":"","overlay-type":"","overlay-color":"","overlay-opacity":"","overlay-gradient":""},"mobile":{"background-color":"var(--ast-global-color-5)","background-image":"","background-repeat":"repeat","background-position":"center center","background-size":"auto","background-attachment":"scroll","background-type":"","background-media":"","overlay-type":"","overlay-color":"","overlay-opacity":"","overlay-gradient":""}},"footnotes":""},"class_list":["post-3482","page","type-page","status-publish","hentry"],"yoast_head":"<!-- This site is optimized with the Yoast SEO plugin v27.3 - https:\/\/yoast.com\/product\/yoast-seo-wordpress\/ -->\n<title>About us - OP Fastigheter<\/title>\n<meta name=\"description\" content=\"OP Fastigheter erbjuder hyresbost\u00e4der och hyresr\u00e4tter i \u00d6rebro samt lokaler i G\u00f6teborg och Lysekil. Hitta din n\u00e4sta bostad med v\u00e5r professionella f\u00f6rvaltning!\" \/>\n<meta name=\"robots\" content=\"index, follow, max-snippet:-1, max-image-preview:large, max-video-preview:-1\" \/>\n<link rel=\"canonical\" href=\"https:\/\/www.opfastigheter.se\/en\/about-us\/\" \/>\n<meta property=\"og:locale\" content=\"en_US\" \/>\n<meta property=\"og:type\" content=\"article\" \/>\n<meta property=\"og:title\" content=\"About us - OP Fastigheter\" \/>\n<meta property=\"og:description\" content=\"OP Fastigheter erbjuder hyresbost\u00e4der och hyresr\u00e4tter i \u00d6rebro samt lokaler i G\u00f6teborg och Lysekil. Hitta din n\u00e4sta bostad med v\u00e5r professionella f\u00f6rvaltning!\" \/>\n<meta property=\"og:url\" content=\"https:\/\/www.opfastigheter.se\/en\/about-us\/\" \/>\n<meta property=\"og:site_name\" content=\"OP Fastigheter\" \/>\n<meta property=\"article:publisher\" content=\"https:\/\/www.facebook.com\/profile.php?id=61556535413722\" \/>\n<meta property=\"article:modified_time\" content=\"2023-07-05T18:24:24+00:00\" \/>\n<meta property=\"og:image\" content=\"https:\/\/www.opfastigheter.se\/wp-content\/uploads\/2023\/04\/orebro-slott.jpg\" \/>\n<meta name=\"twitter:card\" content=\"summary_large_image\" \/>\n<script type=\"application\/ld+json\" class=\"yoast-schema-graph\">{\"@context\":\"https:\\\/\\\/schema.org\",\"@graph\":[{\"@type\":\"WebPage\",\"@id\":\"https:\\\/\\\/www.opfastigheter.se\\\/en\\\/about-us\\\/\",\"url\":\"https:\\\/\\\/www.opfastigheter.se\\\/en\\\/about-us\\\/\",\"name\":\"About us - OP Fastigheter\",\"isPartOf\":{\"@id\":\"https:\\\/\\\/www.opfastigheter.se\\\/#website\"},\"primaryImageOfPage\":{\"@id\":\"https:\\\/\\\/www.opfastigheter.se\\\/en\\\/about-us\\\/#primaryimage\"},\"image\":{\"@id\":\"https:\\\/\\\/www.opfastigheter.se\\\/en\\\/about-us\\\/#primaryimage\"},\"thumbnailUrl\":\"https:\\\/\\\/www.opfastigheter.se\\\/wp-content\\\/uploads\\\/2023\\\/04\\\/orebro-slott.jpg\",\"datePublished\":\"2022-08-22T13:55:21+00:00\",\"dateModified\":\"2023-07-05T18:24:24+00:00\",\"description\":\"OP Fastigheter erbjuder hyresbost\u00e4der och hyresr\u00e4tter i \u00d6rebro samt lokaler i G\u00f6teborg och Lysekil. Hitta din n\u00e4sta bostad med v\u00e5r professionella f\u00f6rvaltning!\",\"breadcrumb\":{\"@id\":\"https:\\\/\\\/www.opfastigheter.se\\\/en\\\/about-us\\\/#breadcrumb\"},\"inLanguage\":\"en-US\",\"potentialAction\":[{\"@type\":\"ReadAction\",\"target\":[\"https:\\\/\\\/www.opfastigheter.se\\\/en\\\/about-us\\\/\"]}]},{\"@type\":\"ImageObject\",\"inLanguage\":\"en-US\",\"@id\":\"https:\\\/\\\/www.opfastigheter.se\\\/en\\\/about-us\\\/#primaryimage\",\"url\":\"https:\\\/\\\/www.opfastigheter.se\\\/wp-content\\\/uploads\\\/2023\\\/04\\\/orebro-slott.jpg\",\"contentUrl\":\"https:\\\/\\\/www.opfastigheter.se\\\/wp-content\\\/uploads\\\/2023\\\/04\\\/orebro-slott.jpg\"},{\"@type\":\"BreadcrumbList\",\"@id\":\"https:\\\/\\\/www.opfastigheter.se\\\/en\\\/about-us\\\/#breadcrumb\",\"itemListElement\":[{\"@type\":\"ListItem\",\"position\":1,\"name\":\"Hem\",\"item\":\"https:\\\/\\\/www.opfastigheter.se\\\/en\\\/\"},{\"@type\":\"ListItem\",\"position\":2,\"name\":\"About us\"}]},{\"@type\":\"WebSite\",\"@id\":\"https:\\\/\\\/www.opfastigheter.se\\\/#website\",\"url\":\"https:\\\/\\\/www.opfastigheter.se\\\/\",\"name\":\"OP Fastigheter\",\"description\":\"OP Fastigheter \u00e4ger och f\u00f6rvaltar \u00f6ver 50 000 kvm bost\u00e4der, kontor och lokaler. Huvuddelen av fastigheterna och verksamheten finns i \u00d6rebro\",\"publisher\":{\"@id\":\"https:\\\/\\\/www.opfastigheter.se\\\/#organization\"},\"potentialAction\":[{\"@type\":\"SearchAction\",\"target\":{\"@type\":\"EntryPoint\",\"urlTemplate\":\"https:\\\/\\\/www.opfastigheter.se\\\/?s={search_term_string}\"},\"query-input\":{\"@type\":\"PropertyValueSpecification\",\"valueRequired\":true,\"valueName\":\"search_term_string\"}}],\"inLanguage\":\"en-US\"},{\"@type\":\"Organization\",\"@id\":\"https:\\\/\\\/www.opfastigheter.se\\\/#organization\",\"name\":\"OP Fastigheter\",\"url\":\"https:\\\/\\\/www.opfastigheter.se\\\/\",\"logo\":{\"@type\":\"ImageObject\",\"inLanguage\":\"en-US\",\"@id\":\"https:\\\/\\\/www.opfastigheter.se\\\/#\\\/schema\\\/logo\\\/image\\\/\",\"url\":\"https:\\\/\\\/www.opfastigheter.se\\\/wp-content\\\/uploads\\\/2022\\\/08\\\/cropped-logo-1.jpg\",\"contentUrl\":\"https:\\\/\\\/www.opfastigheter.se\\\/wp-content\\\/uploads\\\/2022\\\/08\\\/cropped-logo-1.jpg\",\"width\":512,\"height\":512,\"caption\":\"OP Fastigheter\"},\"image\":{\"@id\":\"https:\\\/\\\/www.opfastigheter.se\\\/#\\\/schema\\\/logo\\\/image\\\/\"},\"sameAs\":[\"https:\\\/\\\/www.facebook.com\\\/profile.php?id=61556535413722\",\"https:\\\/\\\/www.instagram.com\\\/opfastigheter\"]}]}<\/script>\n<!-- \/ Yoast SEO plugin. -->","yoast_head_json":{"title":"About us - OP Fastigheter","description":"OP Fastigheter erbjuder hyresbost\u00e4der och hyresr\u00e4tter i \u00d6rebro samt lokaler i G\u00f6teborg och Lysekil. Hitta din n\u00e4sta bostad med v\u00e5r professionella f\u00f6rvaltning!","robots":{"index":"index","follow":"follow","max-snippet":"max-snippet:-1","max-image-preview":"max-image-preview:large","max-video-preview":"max-video-preview:-1"},"canonical":"https:\/\/www.opfastigheter.se\/en\/about-us\/","og_locale":"en_US","og_type":"article","og_title":"About us - OP Fastigheter","og_description":"OP Fastigheter erbjuder hyresbost\u00e4der och hyresr\u00e4tter i \u00d6rebro samt lokaler i G\u00f6teborg och Lysekil. Hitta din n\u00e4sta bostad med v\u00e5r professionella f\u00f6rvaltning!","og_url":"https:\/\/www.opfastigheter.se\/en\/about-us\/","og_site_name":"OP Fastigheter","article_publisher":"https:\/\/www.facebook.com\/profile.php?id=61556535413722","article_modified_time":"2023-07-05T18:24:24+00:00","og_image":[{"url":"https:\/\/www.opfastigheter.se\/wp-content\/uploads\/2023\/04\/orebro-slott.jpg","type":"","width":"","height":""}],"twitter_card":"summary_large_image","schema":{"@context":"https:\/\/schema.org","@graph":[{"@type":"WebPage","@id":"https:\/\/www.opfastigheter.se\/en\/about-us\/","url":"https:\/\/www.opfastigheter.se\/en\/about-us\/","name":"About us - OP Fastigheter","isPartOf":{"@id":"https:\/\/www.opfastigheter.se\/#website"},"primaryImageOfPage":{"@id":"https:\/\/www.opfastigheter.se\/en\/about-us\/#primaryimage"},"image":{"@id":"https:\/\/www.opfastigheter.se\/en\/about-us\/#primaryimage"},"thumbnailUrl":"https:\/\/www.opfastigheter.se\/wp-content\/uploads\/2023\/04\/orebro-slott.jpg","datePublished":"2022-08-22T13:55:21+00:00","dateModified":"2023-07-05T18:24:24+00:00","description":"OP Fastigheter erbjuder hyresbost\u00e4der och hyresr\u00e4tter i \u00d6rebro samt lokaler i G\u00f6teborg och Lysekil. Hitta din n\u00e4sta bostad med v\u00e5r professionella f\u00f6rvaltning!","breadcrumb":{"@id":"https:\/\/www.opfastigheter.se\/en\/about-us\/#breadcrumb"},"inLanguage":"en-US","potentialAction":[{"@type":"ReadAction","target":["https:\/\/www.opfastigheter.se\/en\/about-us\/"]}]},{"@type":"ImageObject","inLanguage":"en-US","@id":"https:\/\/www.opfastigheter.se\/en\/about-us\/#primaryimage","url":"https:\/\/www.opfastigheter.se\/wp-content\/uploads\/2023\/04\/orebro-slott.jpg","contentUrl":"https:\/\/www.opfastigheter.se\/wp-content\/uploads\/2023\/04\/orebro-slott.jpg"},{"@type":"BreadcrumbList","@id":"https:\/\/www.opfastigheter.se\/en\/about-us\/#breadcrumb","itemListElement":[{"@type":"ListItem","position":1,"name":"Hem","item":"https:\/\/www.opfastigheter.se\/en\/"},{"@type":"ListItem","position":2,"name":"About us"}]},{"@type":"WebSite","@id":"https:\/\/www.opfastigheter.se\/#website","url":"https:\/\/www.opfastigheter.se\/","name":"OP Fastigheter","description":"OP Fastigheter \u00e4ger och f\u00f6rvaltar \u00f6ver 50 000 kvm bost\u00e4der, kontor och lokaler. Huvuddelen av fastigheterna och verksamheten finns i \u00d6rebro","publisher":{"@id":"https:\/\/www.opfastigheter.se\/#organization"},"potentialAction":[{"@type":"SearchAction","target":{"@type":"EntryPoint","urlTemplate":"https:\/\/www.opfastigheter.se\/?s={search_term_string}"},"query-input":{"@type":"PropertyValueSpecification","valueRequired":true,"valueName":"search_term_string"}}],"inLanguage":"en-US"},{"@type":"Organization","@id":"https:\/\/www.opfastigheter.se\/#organization","name":"OP Fastigheter","url":"https:\/\/www.opfastigheter.se\/","logo":{"@type":"ImageObject","inLanguage":"en-US","@id":"https:\/\/www.opfastigheter.se\/#\/schema\/logo\/image\/","url":"https:\/\/www.opfastigheter.se\/wp-content\/uploads\/2022\/08\/cropped-logo-1.jpg","contentUrl":"https:\/\/www.opfastigheter.se\/wp-content\/uploads\/2022\/08\/cropped-logo-1.jpg","width":512,"height":512,"caption":"OP Fastigheter"},"image":{"@id":"https:\/\/www.opfastigheter.se\/#\/schema\/logo\/image\/"},"sameAs":["https:\/\/www.facebook.com\/profile.php?id=61556535413722","https:\/\/www.instagram.com\/opfastigheter"]}]}},"_links":{"self":[{"href":"https:\/\/www.opfastigheter.se\/en\/wp-json\/wp\/v2\/pages\/3482","targetHints":{"allow":["GET"]}}],"collection":[{"href":"https:\/\/www.opfastigheter.se\/en\/wp-json\/wp\/v2\/pages"}],"about":[{"href":"https:\/\/www.opfastigheter.se\/en\/wp-json\/wp\/v2\/types\/page"}],"author":[{"embeddable":true,"href":"https:\/\/www.opfastigheter.se\/en\/wp-json\/wp\/v2\/users\/1"}],"replies":[{"embeddable":true,"href":"https:\/\/www.opfastigheter.se\/en\/wp-json\/wp\/v2\/comments?post=3482"}],"version-history":[{"count":3,"href":"https:\/\/www.opfastigheter.se\/en\/wp-json\/wp\/v2\/pages\/3482\/revisions"}],"predecessor-version":[{"id":3713,"href":"https:\/\/www.opfastigheter.se\/en\/wp-json\/wp\/v2\/pages\/3482\/revisions\/3713"}],"wp:attachment":[{"href":"https:\/\/www.opfastigheter.se\/en\/wp-json\/wp\/v2\/media?parent=3482"}],"curies":[{"name":"wp","href":"https:\/\/api.w.org\/{rel}","templated":true}]}}